{"id":2157,"date":"2020-10-16T13:55:44","date_gmt":"2020-10-16T12:55:44","guid":{"rendered":"https:\/\/laurbanahairsalon13.es\/?page_id=2157"},"modified":"2024-08-02T11:27:10","modified_gmt":"2024-08-02T10:27:10","slug":"__trashed","status":"publish","type":"page","link":"https:\/\/laurbanahairsalon13.es\/index.php\/__trashed\/","title":{"rendered":"NOSOTROS"},"content":{"rendered":"\r\n<p>En La Urbana nos gusta nuestro trabajo y sabemos lo que hacemos.<\/p>\r\n<p>Somos un salon entregado al mundo del estilismo capilar, inspirados en el modelo brit\u00e1nico en t\u00e9cnica y sistema de trabajo americano, adapt\u00e1ndonos al cabello actual.<\/p>\r\n<p>Nuestra\u00a0 prioridad conocerte un poco para que tu look sea el que mas se adapte a ti.<\/p>\r\n<p><img loading=\"lazy\" class=\"wp-image-3978 size-medium alignright\" src=\"https:\/\/laurbanahairsalon13.es\/wp-content\/uploads\/2024\/08\/JORGE-SERIO-243x300.jpg\" alt=\"\" width=\"243\" height=\"300\" srcset=\"https:\/\/laurbanahairsalon13.es\/wp-content\/uploads\/2024\/08\/JORGE-SERIO-243x300.jpg 243w, https:\/\/laurbanahairsalon13.es\/wp-content\/uploads\/2024\/08\/JORGE-SERIO-831x1024.jpg 831w, https:\/\/laurbanahairsalon13.es\/wp-content\/uploads\/2024\/08\/JORGE-SERIO-768x947.jpg 768w, https:\/\/laurbanahairsalon13.es\/wp-content\/uploads\/2024\/08\/JORGE-SERIO-1246x1536.jpg 1246w, https:\/\/laurbanahairsalon13.es\/wp-content\/uploads\/2024\/08\/JORGE-SERIO.jpg 1290w\" sizes=\"(max-width: 243px) 100vw, 243px\" \/><\/p>\r\n<p><strong>JORGE<\/strong> (DR CREATIVO \/ FUNDADOR \/ ESTILISTA SENIOR)<\/p>\r\n<p><em>Desde muy peque\u00f1o se ve\u00eda mi sensibilidad con el mundo del arte. Ya a corta edad, me quedaba perplejo viendo como mi madre se arreglaba y la acompa\u00f1aba siempre a su sal\u00f3n de peluquer\u00eda.\u00a0En la adolescencia fue donde me adentr\u00e9 en el mundo de la moda. Teniendo grandes oportunidades.<\/em><\/p>\r\n<p><em>Gracias a vivir en ciudades como Londres , Las palmas o Madrid me form\u00e9 como trabajador de este oficio y como persona.\u00a0<\/em><\/p>\r\n<p><em>Ya en 2018, con ganas de nuevas experiencias, decido trasladarme a mi ciudad de origen despu\u00e9s de 14 a\u00f1os fuera y en el 2019 tras mucha meditaci\u00f3n, y movido por mi af\u00e1n de evoluci\u00f3n, decido embarcarme en mi proyecto m\u00e1s unipersonal:\u00a0<\/em><\/p>\r\n<p><em>La Urbana | Hair Salon 13. Es el resultado de mi larga trayectoria en el sector.\u00a0<\/em><\/p>\r\n<p><em>Un proyecto dise\u00f1ado \u00edntegramente por m\u00ed con mucho respeto a mi profesi\u00f3n, pasi\u00f3n y mucho sentimiento.\u00a0<\/em><\/p>\r\n<p><em>Para mi la calidad de mis servicios aparte de una buena t\u00e9cnica dentro de este sector es encontrar ese producto en el que crees y te aporta identidad, como lo hace AVEDA.<\/em><\/p>\r\n<p><em>Debemos comenzar a preocuparnos por el cuidado personal utilizando productos saludables PARA NOSOTROS Y EL MEDIO AMBIENTE. Es una\u00a0 \u00a0filosof\u00eda de vida&#8230;<\/em><\/p>\r\n<p><em><strong>&#8220;Esta profesion, va mas haya. Somos artesanos, artesanos del cabello.&#8221;<\/strong><\/em><\/p>\r\n<figure><\/figure>\r\n\r\n\r\n\r\n<p>&nbsp;<\/p>\r\n<p><img loading=\"lazy\" class=\"wp-image-3858 size-medium alignleft\" src=\"https:\/\/laurbanahairsalon13.es\/wp-content\/uploads\/2024\/01\/Foto-12-1-24-10-47-59-19-255x300.jpg\" alt=\"\" width=\"255\" height=\"300\" srcset=\"https:\/\/laurbanahairsalon13.es\/wp-content\/uploads\/2024\/01\/Foto-12-1-24-10-47-59-19-255x300.jpg 255w, https:\/\/laurbanahairsalon13.es\/wp-content\/uploads\/2024\/01\/Foto-12-1-24-10-47-59-19-872x1024.jpg 872w, https:\/\/laurbanahairsalon13.es\/wp-content\/uploads\/2024\/01\/Foto-12-1-24-10-47-59-19-768x902.jpg 768w, https:\/\/laurbanahairsalon13.es\/wp-content\/uploads\/2024\/01\/Foto-12-1-24-10-47-59-19.jpg 1290w\" sizes=\"(max-width: 255px) 100vw, 255px\" \/><\/p>\r\n<p><strong>CARLA<\/strong> (ESTILISTA SENIOR)<\/p>\r\n<p>Desde peque\u00f1a disfrutaba jugando con el color y las formas en diversos materiales.<\/p>\r\n<p>A los 16\u00a0 \u00a0a\u00f1os decid\u00ed estudiar imagen personal<span style=\"font-size: 1rem;\">.<\/span><span style=\"font-size: 1rem;\"> Fue en ese acercamiento al color, sus matices, las formas, las texturas, paletinas y dise\u00f1os me siento\u00a0 segura&#8230;.., dando as\u00ed mis primeros pasos en el campo de la imagen personal.<\/span><\/p>\r\n<p>&nbsp;<\/p>\r\n<p>En mi opini\u00f3n, cuando aplicas un tinte o realizas un balayage, est\u00e1s trabajando el color, los matices, la profundidad&#8230; En los recogidos jugamos con los vol\u00famenes como si de una peque\u00f1a escultura se tratase. Un corte de cabello es como dibujar una imagen\u00a0 en el rostro de cada persona.\u00a0<\/p>\r\n<p><strong><em>&#8220;Cada estilismo lo consideramos una obra con la que el cliente se identifica&#8221;<\/em><\/strong><\/p>\r\n<p>&nbsp;<\/p>\r\n<p><strong>LETICIA Y CLOE <\/strong> (ESTILISTAS\u00a0 junior)<\/p>\r\n<p><img loading=\"lazy\" class=\"wp-image-3976 size-medium alignright\" src=\"https:\/\/laurbanahairsalon13.es\/wp-content\/uploads\/2024\/08\/LETI-Y-CLOE-243x300.jpg\" alt=\"\" width=\"243\" height=\"300\" srcset=\"https:\/\/laurbanahairsalon13.es\/wp-content\/uploads\/2024\/08\/LETI-Y-CLOE-243x300.jpg 243w, https:\/\/laurbanahairsalon13.es\/wp-content\/uploads\/2024\/08\/LETI-Y-CLOE-830x1024.jpg 830w, https:\/\/laurbanahairsalon13.es\/wp-content\/uploads\/2024\/08\/LETI-Y-CLOE-768x948.jpg 768w, https:\/\/laurbanahairsalon13.es\/wp-content\/uploads\/2024\/08\/LETI-Y-CLOE-1245x1536.jpg 1245w, https:\/\/laurbanahairsalon13.es\/wp-content\/uploads\/2024\/08\/LETI-Y-CLOE.jpg 1252w\" sizes=\"(max-width: 243px) 100vw, 243px\" \/><\/p>\r\n<p>En la urbana pretendemos seguir\u00a0 ofreciendo lo mejor de nosotras, de la mano de nuestros clientes.\u00a0<\/p>\r\n<p>Seguir evolucionando y empap\u00e1ndonos del conocimiento de nuestros compa\u00f1eros Jorge y Carla.<\/p>\r\n<p>&nbsp;<\/p>\r\n<p>&nbsp;<\/p>\r\n<p><strong>\u201cEn nuestro sal\u00f3n recibir\u00e1s un buen asesoramiento y diagn\u00f3stico para tu cabello y cuero cabelludo.\u00a0<br \/>Para\u00a0 eso estamos en constante formaci\u00f3n.\u201c<\/strong><\/p>\r\n<p>&nbsp;<\/p>\r\n","protected":false},"excerpt":{"rendered":"<p>En La Urbana nos gusta nuestro trabajo y sabemos lo que hacemos. Somos un salon entregado al mundo del estilismo capilar, inspirados en el modelo brit\u00e1nico en t\u00e9cnica y sistema<\/p>\n<p class=\"more-link\"><a href=\"https:\/\/laurbanahairsalon13.es\/index.php\/__trashed\/\" class=\"readmore\">Seguir leyendo<svg class=\"icon icon-arrow-right\" aria-hidden=\"true\" role=\"img\"> <use href=\"#icon-arrow-right\" xlink:href=\"#icon-arrow-right\"><\/use> <\/svg><span class=\"screen-reader-text\">NOSOTROS<\/span><\/a><\/p>\n","protected":false},"author":1,"featured_media":0,"parent":0,"menu_order":0,"comment_status":"closed","ping_status":"closed","template":"","meta":{"_mi_skip_tracking":false},"yoast_head":"<!-- This site is optimized with the Yoast SEO plugin v18.0 - https:\/\/yoast.com\/wordpress\/plugins\/seo\/ -->\n<title>NOSOTROS &#8902;<\/title>\n<meta name=\"robots\" content=\"index, follow, max-snippet:-1, max-image-preview:large, max-video-preview:-1\" \/>\n<link rel=\"canonical\" href=\"https:\/\/laurbanahairsalon13.es\/index.php\/__trashed\/\" \/>\n<meta property=\"og:locale\" content=\"es_ES\" \/>\n<meta property=\"og:type\" content=\"article\" \/>\n<meta property=\"og:title\" content=\"NOSOTROS &#8902;\" \/>\n<meta property=\"og:description\" content=\"En La Urbana nos gusta nuestro trabajo y sabemos lo que hacemos. Somos un salon entregado al mundo del estilismo capilar, inspirados en el modelo brit\u00e1nico en t\u00e9cnica y sistemaSeguir leyendo NOSOTROS\" \/>\n<meta property=\"og:url\" content=\"https:\/\/laurbanahairsalon13.es\/index.php\/__trashed\/\" \/>\n<meta property=\"article:publisher\" content=\"https:\/\/www.facebook.com\/LaUrbana.hairsalon13\/\" \/>\n<meta property=\"article:modified_time\" content=\"2024-08-02T10:27:10+00:00\" \/>\n<meta property=\"og:image\" content=\"https:\/\/laurbanahairsalon13.es\/wp-content\/uploads\/2024\/08\/JORGE-SERIO-243x300.jpg\" \/>\n<meta name=\"twitter:card\" content=\"summary_large_image\" \/>\n<meta name=\"twitter:site\" content=\"@Laurbanahair\" \/>\n<meta name=\"twitter:label1\" content=\"Tiempo de lectura\" \/>\n\t<meta name=\"twitter:data1\" content=\"3 minutos\" \/>\n<script type=\"application\/ld+json\" class=\"yoast-schema-graph\">{\"@context\":\"https:\/\/schema.org\",\"@graph\":[{\"@type\":\"Organization\",\"@id\":\"https:\/\/laurbanahairsalon13.es\/#organization\",\"name\":\"La Urbana Hair Salon 13\",\"url\":\"https:\/\/laurbanahairsalon13.es\/\",\"sameAs\":[\"https:\/\/www.facebook.com\/LaUrbana.hairsalon13\/\",\"https:\/\/www.instagram.com\/laurbana.hairsalon13\/?hl=es\",\"https:\/\/twitter.com\/Laurbanahair\"],\"logo\":{\"@type\":\"ImageObject\",\"@id\":\"https:\/\/laurbanahairsalon13.es\/#logo\",\"inLanguage\":\"es\",\"url\":\"https:\/\/laurbanahairsalon13.es\/wp-content\/uploads\/2020\/03\/logo-1.jpg\",\"contentUrl\":\"https:\/\/laurbanahairsalon13.es\/wp-content\/uploads\/2020\/03\/logo-1.jpg\",\"width\":446,\"height\":196,\"caption\":\"La Urbana Hair Salon 13\"},\"image\":{\"@id\":\"https:\/\/laurbanahairsalon13.es\/#logo\"}},{\"@type\":\"WebSite\",\"@id\":\"https:\/\/laurbanahairsalon13.es\/#website\",\"url\":\"https:\/\/laurbanahairsalon13.es\/\",\"name\":\"La Urbana Hair Salon 13 - Salon de Peluquer\u00eda Unisex Vigo\",\"description\":\"CITA PREVIA\",\"publisher\":{\"@id\":\"https:\/\/laurbanahairsalon13.es\/#organization\"},\"potentialAction\":[{\"@type\":\"SearchAction\",\"target\":{\"@type\":\"EntryPoint\",\"urlTemplate\":\"https:\/\/laurbanahairsalon13.es\/?s={search_term_string}\"},\"query-input\":\"required name=search_term_string\"}],\"inLanguage\":\"es\"},{\"@type\":\"ImageObject\",\"@id\":\"https:\/\/laurbanahairsalon13.es\/index.php\/__trashed\/#primaryimage\",\"inLanguage\":\"es\",\"url\":\"https:\/\/laurbanahairsalon13.es\/wp-content\/uploads\/2024\/08\/JORGE-SERIO.jpg\",\"contentUrl\":\"https:\/\/laurbanahairsalon13.es\/wp-content\/uploads\/2024\/08\/JORGE-SERIO.jpg\",\"width\":1290,\"height\":1590},{\"@type\":\"WebPage\",\"@id\":\"https:\/\/laurbanahairsalon13.es\/index.php\/__trashed\/#webpage\",\"url\":\"https:\/\/laurbanahairsalon13.es\/index.php\/__trashed\/\",\"name\":\"NOSOTROS &#8902;\",\"isPartOf\":{\"@id\":\"https:\/\/laurbanahairsalon13.es\/#website\"},\"primaryImageOfPage\":{\"@id\":\"https:\/\/laurbanahairsalon13.es\/index.php\/__trashed\/#primaryimage\"},\"datePublished\":\"2020-10-16T12:55:44+00:00\",\"dateModified\":\"2024-08-02T10:27:10+00:00\",\"breadcrumb\":{\"@id\":\"https:\/\/laurbanahairsalon13.es\/index.php\/__trashed\/#breadcrumb\"},\"inLanguage\":\"es\",\"potentialAction\":[{\"@type\":\"ReadAction\",\"target\":[\"https:\/\/laurbanahairsalon13.es\/index.php\/__trashed\/\"]}]},{\"@type\":\"BreadcrumbList\",\"@id\":\"https:\/\/laurbanahairsalon13.es\/index.php\/__trashed\/#breadcrumb\",\"itemListElement\":[{\"@type\":\"ListItem\",\"position\":1,\"name\":\"Portada\",\"item\":\"https:\/\/laurbanahairsalon13.es\/\"},{\"@type\":\"ListItem\",\"position\":2,\"name\":\"NOSOTROS\"}]}]}<\/script>\n<!-- \/ Yoast SEO plugin. -->","yoast_head_json":{"title":"NOSOTROS &#8902;","robots":{"index":"index","follow":"follow","max-snippet":"max-snippet:-1","max-image-preview":"max-image-preview:large","max-video-preview":"max-video-preview:-1"},"canonical":"https:\/\/laurbanahairsalon13.es\/index.php\/__trashed\/","og_locale":"es_ES","og_type":"article","og_title":"NOSOTROS &#8902;","og_description":"En La Urbana nos gusta nuestro trabajo y sabemos lo que hacemos. Somos un salon entregado al mundo del estilismo capilar, inspirados en el modelo brit\u00e1nico en t\u00e9cnica y sistemaSeguir leyendo NOSOTROS","og_url":"https:\/\/laurbanahairsalon13.es\/index.php\/__trashed\/","article_publisher":"https:\/\/www.facebook.com\/LaUrbana.hairsalon13\/","article_modified_time":"2024-08-02T10:27:10+00:00","og_image":[{"url":"https:\/\/laurbanahairsalon13.es\/wp-content\/uploads\/2024\/08\/JORGE-SERIO-243x300.jpg"}],"twitter_card":"summary_large_image","twitter_site":"@Laurbanahair","twitter_misc":{"Tiempo de lectura":"3 minutos"},"schema":{"@context":"https:\/\/schema.org","@graph":[{"@type":"Organization","@id":"https:\/\/laurbanahairsalon13.es\/#organization","name":"La Urbana Hair Salon 13","url":"https:\/\/laurbanahairsalon13.es\/","sameAs":["https:\/\/www.facebook.com\/LaUrbana.hairsalon13\/","https:\/\/www.instagram.com\/laurbana.hairsalon13\/?hl=es","https:\/\/twitter.com\/Laurbanahair"],"logo":{"@type":"ImageObject","@id":"https:\/\/laurbanahairsalon13.es\/#logo","inLanguage":"es","url":"https:\/\/laurbanahairsalon13.es\/wp-content\/uploads\/2020\/03\/logo-1.jpg","contentUrl":"https:\/\/laurbanahairsalon13.es\/wp-content\/uploads\/2020\/03\/logo-1.jpg","width":446,"height":196,"caption":"La Urbana Hair Salon 13"},"image":{"@id":"https:\/\/laurbanahairsalon13.es\/#logo"}},{"@type":"WebSite","@id":"https:\/\/laurbanahairsalon13.es\/#website","url":"https:\/\/laurbanahairsalon13.es\/","name":"La Urbana Hair Salon 13 - Salon de Peluquer\u00eda Unisex Vigo","description":"CITA PREVIA","publisher":{"@id":"https:\/\/laurbanahairsalon13.es\/#organization"},"potentialAction":[{"@type":"SearchAction","target":{"@type":"EntryPoint","urlTemplate":"https:\/\/laurbanahairsalon13.es\/?s={search_term_string}"},"query-input":"required name=search_term_string"}],"inLanguage":"es"},{"@type":"ImageObject","@id":"https:\/\/laurbanahairsalon13.es\/index.php\/__trashed\/#primaryimage","inLanguage":"es","url":"https:\/\/laurbanahairsalon13.es\/wp-content\/uploads\/2024\/08\/JORGE-SERIO.jpg","contentUrl":"https:\/\/laurbanahairsalon13.es\/wp-content\/uploads\/2024\/08\/JORGE-SERIO.jpg","width":1290,"height":1590},{"@type":"WebPage","@id":"https:\/\/laurbanahairsalon13.es\/index.php\/__trashed\/#webpage","url":"https:\/\/laurbanahairsalon13.es\/index.php\/__trashed\/","name":"NOSOTROS &#8902;","isPartOf":{"@id":"https:\/\/laurbanahairsalon13.es\/#website"},"primaryImageOfPage":{"@id":"https:\/\/laurbanahairsalon13.es\/index.php\/__trashed\/#primaryimage"},"datePublished":"2020-10-16T12:55:44+00:00","dateModified":"2024-08-02T10:27:10+00:00","breadcrumb":{"@id":"https:\/\/laurbanahairsalon13.es\/index.php\/__trashed\/#breadcrumb"},"inLanguage":"es","potentialAction":[{"@type":"ReadAction","target":["https:\/\/laurbanahairsalon13.es\/index.php\/__trashed\/"]}]},{"@type":"BreadcrumbList","@id":"https:\/\/laurbanahairsalon13.es\/index.php\/__trashed\/#breadcrumb","itemListElement":[{"@type":"ListItem","position":1,"name":"Portada","item":"https:\/\/laurbanahairsalon13.es\/"},{"@type":"ListItem","position":2,"name":"NOSOTROS"}]}]}},"_links":{"self":[{"href":"https:\/\/laurbanahairsalon13.es\/index.php\/wp-json\/wp\/v2\/pages\/2157"}],"collection":[{"href":"https:\/\/laurbanahairsalon13.es\/index.php\/wp-json\/wp\/v2\/pages"}],"about":[{"href":"https:\/\/laurbanahairsalon13.es\/index.php\/wp-json\/wp\/v2\/types\/page"}],"author":[{"embeddable":true,"href":"https:\/\/laurbanahairsalon13.es\/index.php\/wp-json\/wp\/v2\/users\/1"}],"replies":[{"embeddable":true,"href":"https:\/\/laurbanahairsalon13.es\/index.php\/wp-json\/wp\/v2\/comments?post=2157"}],"version-history":[{"count":118,"href":"https:\/\/laurbanahairsalon13.es\/index.php\/wp-json\/wp\/v2\/pages\/2157\/revisions"}],"predecessor-version":[{"id":3979,"href":"https:\/\/laurbanahairsalon13.es\/index.php\/wp-json\/wp\/v2\/pages\/2157\/revisions\/3979"}],"wp:attachment":[{"href":"https:\/\/laurbanahairsalon13.es\/index.php\/wp-json\/wp\/v2\/media?parent=2157"}],"curies":[{"name":"wp","href":"https:\/\/api.w.org\/{rel}","templated":true}]}}